{"id":8,"date":"2020-10-06T18:20:22","date_gmt":"2020-10-06T18:20:22","guid":{"rendered":"https:\/\/colab.ufm.edu\/postulaciones\/?page_id=8"},"modified":"2026-02-23T18:06:43","modified_gmt":"2026-02-23T18:06:43","slug":"registrate","status":"publish","type":"page","link":"https:\/\/colab.ufm.edu\/postulaciones\/","title":{"rendered":"Reg\u00edstrate"},"content":{"rendered":"\n\t\t\t\t<img decoding=\"async\" src=\"http:\/\/colab.ufm.edu\/postulaciones\/wp-content\/uploads\/2022\/09\/IMG-132-scaled.jpg\" alt=\"IMG-132\" itemprop=\"image\" title=\"IMG-132\" onerror=\"this.style.display='none'\"  \/>\n\t\t\t\t<img decoding=\"async\" src=\"http:\/\/colab.ufm.edu\/postulaciones\/wp-content\/uploads\/2024\/09\/FotosCoLab-96-scaled.jpg\" alt=\"FotosCoLab-96\" itemprop=\"image\" title=\"FotosCoLab-96\" onerror=\"this.style.display='none'\"  \/>\n\t\t\t\t<img decoding=\"async\" src=\"http:\/\/colab.ufm.edu\/postulaciones\/wp-content\/uploads\/2022\/09\/IMG-92-scaled.jpg\" alt=\"IMG-92\" itemprop=\"image\" title=\"IMG-92\" onerror=\"this.style.display='none'\"  \/>\n\t<p>\u00bfQu\u00e9 es el CoLab?<\/p>\n\t<p>Desde el Colab UFM avanzamos la misi\u00f3n de la Universidad Francisco Marroqu\u00edn con un modelo de aprendizaje interdisciplinario, donde los estudiantes aplican los principios de la libertad a retos sociales: ideando y prototipando soluciones privadas, voluntarias y de libre mercado.<\/p>\n<p>Las herramientas de los facilitadores del CoLab son una mezcla de teor\u00eda y pr\u00e1ctica, que se unen para ofrecer una experiencia \u00fanica a los estudiantes. Es com\u00fan tener a un m\u00e9dico trabajando con una dise\u00f1adora o a un arquitecto junto a una emprendedora. Esta colaboraci\u00f3n radical entre disciplinas da como resultado que los estudiantes puedan explorar los retos sociales de una forma integral y proponer soluciones disruptivas mientras aprenden a navegar en la ambig\u00fcedad.<\/p>\n<p>\u00a1Siempre estamos en b\u00fasqueda de profesores y profesionales curiosos y apasionados por llevar las ideas de la libertad a la acci\u00f3n!<\/p>\n<p>Llamamos \u00abreto social\u00bb a los desaf\u00edos que afectan la vida de las personas en \u00e1reas como la salud, la educaci\u00f3n, la movilidad, la justicia o el acceso a servicios. Tratamos de convertir estos retos en <strong>oportunidades de innovaci\u00f3n y emprendimiento<\/strong>, mediante soluciones de mercado creadas junto a nuestros estudiantes.<\/p>\n<p><strong>\u00bfQu\u00e9 buscamos en un facilitador?<\/strong><\/p>\n<ul>\n<li>Capacidad para guiar a los estudiantes en la resoluci\u00f3n de retos reales.<\/li>\n<li>Experiencia en \u00e1reas sociales, empresariales o t\u00e9cnicas.<\/li>\n<li>Mentalidad de mentor y acompa\u00f1amiento m\u00e1s que de c\u00e1tedra tradicional.<\/li>\n<\/ul>\n\t\u00a1Facilita una experiencia de aprendizaje<br \/>\nen el segundo semestre del 2026!\n<p><a href=\"https:\/\/form.typeform.com\/to\/uh1eSEaX\" target=\"_blank\" rel=\"noopener\">\u00a1Post\u00falate aqu\u00ed!<\/a><\/p>\nTiempo estimado para postularte: una hora<br \/>\nPuedes ver las preguntas\u00a0<a href=\"https:\/\/www.notion.so\/ufmcolab\/Postulaciones-CoLab-749e1877eda345ed885c882df8c868f8?pvs=4\" target=\"_blank\" rel=\"noopener\">aqu\u00ed<\/a>.\n\t<iframe loading=\"lazy\" title=\"COLAB | Universidad Francisco Marroqu\u00edn\" width=\"500\" height=\"281\" src=\"https:\/\/www.youtube.com\/embed\/Z_MwQbXrKK4?feature=oembed\" frameborder=\"0\" allow=\"accelerometer; autoplay; clipboard-write; encrypted-media; gyroscope; picture-in-picture; web-share\" referrerpolicy=\"strict-origin-when-cross-origin\" allowfullscreen><\/iframe>\n\t<h3><\/h3>\n<h3>En el CoLab podr\u00e1s:<\/h3>\n\t<h5><\/h5>\n<h5>\u2705 ense\u00f1ar a trav\u00e9s de proyectos reales;<\/h5>\n<h5>\u2705 trabajar de forma interdisciplinaria;<\/h5>\n<h5>\u2705 facilitar din\u00e1micas colaborativas entre estudiantes; y<\/h5>\n<h5>\u2705 cocrear soluciones a retos sociales <\/h5>\n\t<h3><\/h3>\n<h3>\u00bfQu\u00e9 ofrecemos desde el CoLab?<\/h3>\n\t<h5><\/h5>\n<h5>\u26a1\ufe0f una comunidad diversa y activa<\/h5>\n<h5>\ud83d\udca1 acompa\u00f1amiento a lo largo de tu facilitaci\u00f3n<\/h5>\n<h5>\ud83e\udde9 acceso a talleres, recursos y eventos<\/h5>\n<h5>\ud83d\ude80 una experiencia \u00fanica y distinta a lo tradicional<\/h5>\n\t\t\t\t<img decoding=\"async\" src=\"http:\/\/colab.ufm.edu\/postulaciones\/wp-content\/uploads\/2022\/09\/IMG-172-1024x683.jpg\" alt=\"IMG-172\" itemprop=\"image\" title=\"IMG-172\" onerror=\"this.style.display='none'\"  \/>\n\t<p><strong>\u00bfQu\u00e9 debes hacer para postular una experiencia de aprendizaje?<\/strong><\/p>\n<ol>\n<li>Lee sobre Libertad en Acci\u00f3n y el recorrido de un facilitador <a href=\"https:\/\/docs.google.com\/presentation\/d\/11TE9e9pw_QYG8WQyG65EaMasBBai4tYDmGIAd7qLICM\/edit#slide=id.g1e3f86c941d_0_0\" target=\"_blank\" rel=\"noopener\">aqu\u00ed<\/a>.<\/li>\n<li>Explora nuestra caja herramientas para facilitar experiencias de aprendizaje en el CoLab <a href=\"https:\/\/colabufm.softr.app\/#list2\" target=\"_blank\" rel=\"noopener\">aqu\u00ed<\/a>.\u00a0\u00a0<\/li>\n<li>\u00bfTienes alguna pregunta? Puedes coordinar una reuni\u00f3n con el equipo del CoLab (Jorge Gabriel Jim\u00e9nez y Pau Vicario), mediante <a href=\"https:\/\/calendly.com\/colab-team\/postulaciones\" target=\"_blank\" rel=\"noopener\">este enlace.<\/a><br \/>\n<\/li>\n<\/ol>\n<p>&nbsp;<\/p>\n<p><a href=\"https:\/\/form.typeform.com\/to\/uh1eSEaX\" target=\"_blank\" rel=\"noopener\">\u00a1Post\u00falate aqu\u00ed!<\/a><\/p>\nTiempo estimado para postularte: una hora<br \/>\nPuedes ver las preguntas <a href=\"https:\/\/ufmcolab.notion.site\/Postulaciones-CoLab-749e1877eda345ed885c882df8c868f8\" target=\"_blank\" rel=\"noopener\">aqu\u00ed<\/a>.\n\t<p><strong>Fecha l\u00edmite para postularse: 30 de abril del 2026<\/strong><\/p>\n\t<hr \/>\n<h3>Preguntas frecuentes<\/h3>\n\t<strong>\u00bfLa facilitaci\u00f3n es remunerada?<\/strong><br \/>\nS\u00ed.\n<strong>\u00bfCu\u00e1nto dura un colab de Libertad en Acci\u00f3n?<\/strong><br \/>\nUn semestre: una sesi\u00f3n del pitch day + 17 sesiones de una hora y 20 minutos.\n<strong>\u00bfQu\u00e9 estudiantes participar\u00e1n en las experiencias de aprendizaje?<\/strong><br \/>\nEsperamos contar con estudiantes de todas las facultades, para asegurar que sea una experiencia interdisciplinaria.\n<strong>\u00bfCu\u00e1ntos estudiantes participar\u00e1n en cada experiencia educativa?<\/strong><br \/>\nEsperamos que participen entre 15 y 25 estudiantes.\n<strong>\u00bfCu\u00e1ntas UMA tendr\u00e1n las experiencias de aprendizaje?<\/strong><br \/>\n1.5 UMA.\n<strong>\u00bfEs requisito postularme con un cofacilitador?<\/strong><br \/>\nNo. Si tienes a alguien en mente, genial. Si no, te podemos sugerir a un compa\u00f1ero de f\u00f3rmula.\n<strong>\u00bfPuedo postularme sin tener un reto social definido?<\/strong><br \/>\nS\u00ed, puedes postularte como cofacilitador.\n<strong>\u00bfDebo ser experto en facilitar procesos de colaboraci\u00f3n?<\/strong><br \/>\nNo. Desde el Colab, junto a Formaci\u00f3n Continua, te estaremos invitando a talleres para que aprendas sobre herramientas y metodolog\u00edas. Adem\u00e1s, cada facilitador nuevo pasa por el taller Lab de Colabs, antes de iniciar el semestre.\n<strong>\u00bfPuedo enviar una postulaci\u00f3n si soy estudiante de la UFM?<\/strong><br \/>\nS\u00ed, puedes postularte si ya has recibido Libertad en Acci\u00f3n I.\n<strong>\u00bfQui\u00e9n eval\u00faa las postulaciones?<\/strong><br \/>\nUn equipo interdisciplinario de la UFM.\n<strong>\u00bfTienes otra pregunta?<\/strong><br \/>\nEnv\u00edanos un correo a <a href=\"mailto:colab@ufm.edu\">colab@ufm.edu<\/a>.\n","protected":false},"excerpt":{"rendered":"<p>\u00bfQu\u00e9 es el CoLab? Desde el Colab UFM avanzamos la misi\u00f3n de la Universidad Francisco Marroqu\u00edn con un modelo de aprendizaje interdisciplinario, donde los estudiantes aplican los principios de la libertad a retos sociales: ideando y prototipando soluciones privadas, voluntarias y de libre mercado. Las herramientas de los facilitadores del CoLab son una mezcla de&hellip;<\/p>\n","protected":false},"author":1,"featured_media":90,"parent":0,"menu_order":0,"comment_status":"closed","ping_status":"closed","template":"","meta":{"footnotes":""},"class_list":["post-8","page","type-page","status-publish","has-post-thumbnail","hentry"],"yoast_head":"<!-- This site is optimized with the Yoast SEO plugin v15.0 - https:\/\/yoast.com\/wordpress\/plugins\/seo\/ -->\n<title>Reg\u00edstrate - CoLab<\/title>\n<meta name=\"robots\" content=\"index, follow, max-snippet:-1, max-image-preview:large, max-video-preview:-1\" \/>\n<link rel=\"canonical\" href=\"https:\/\/colab.ufm.edu\/postulaciones\/\" \/>\n<meta property=\"og:locale\" content=\"en_US\" \/>\n<meta property=\"og:type\" content=\"article\" \/>\n<meta property=\"og:title\" content=\"Reg\u00edstrate - CoLab\" \/>\n<meta property=\"og:description\" content=\"\u00bfQu\u00e9 es el CoLab? Desde el Colab UFM avanzamos la misi\u00f3n de la Universidad Francisco Marroqu\u00edn con un modelo de aprendizaje interdisciplinario, donde los estudiantes aplican los principios de la libertad a retos sociales: ideando y prototipando soluciones privadas, voluntarias y de libre mercado. Las herramientas de los facilitadores del CoLab son una mezcla de&hellip;\" \/>\n<meta property=\"og:url\" content=\"https:\/\/colab.ufm.edu\/postulaciones\/\" \/>\n<meta property=\"og:site_name\" content=\"CoLab\" \/>\n<meta property=\"article:modified_time\" content=\"2026-02-23T18:06:43+00:00\" \/>\n<meta property=\"og:image\" content=\"https:\/\/colab.ufm.edu\/postulaciones\/wp-content\/uploads\/2020\/10\/01-AT-rojo-1_f.png\" \/>\n\t<meta property=\"og:image:width\" content=\"240\" \/>\n\t<meta property=\"og:image:height\" content=\"207\" \/>\n<meta name=\"twitter:card\" content=\"summary_large_image\" \/>\n<script type=\"application\/ld+json\" class=\"yoast-schema-graph\">{\"@context\":\"https:\/\/schema.org\",\"@graph\":[{\"@type\":\"WebSite\",\"@id\":\"https:\/\/colab.ufm.edu\/postulaciones\/#website\",\"url\":\"https:\/\/colab.ufm.edu\/postulaciones\/\",\"name\":\"CoLab\",\"description\":\"Convocatoria de propuestas para experiencias de aprendizaje en el CoLab UFM\",\"potentialAction\":[{\"@type\":\"SearchAction\",\"target\":\"https:\/\/colab.ufm.edu\/postulaciones\/?s={search_term_string}\",\"query-input\":\"required name=search_term_string\"}],\"inLanguage\":\"en-US\"},{\"@type\":\"ImageObject\",\"@id\":\"https:\/\/colab.ufm.edu\/postulaciones\/#primaryimage\",\"inLanguage\":\"en-US\",\"url\":\"https:\/\/colab.ufm.edu\/postulaciones\/wp-content\/uploads\/2020\/10\/01-AT-rojo-1_f.png\",\"width\":240,\"height\":207},{\"@type\":\"WebPage\",\"@id\":\"https:\/\/colab.ufm.edu\/postulaciones\/#webpage\",\"url\":\"https:\/\/colab.ufm.edu\/postulaciones\/\",\"name\":\"Reg\\u00edstrate - CoLab\",\"isPartOf\":{\"@id\":\"https:\/\/colab.ufm.edu\/postulaciones\/#website\"},\"primaryImageOfPage\":{\"@id\":\"https:\/\/colab.ufm.edu\/postulaciones\/#primaryimage\"},\"datePublished\":\"2020-10-06T18:20:22+00:00\",\"dateModified\":\"2026-02-23T18:06:43+00:00\",\"inLanguage\":\"en-US\",\"potentialAction\":[{\"@type\":\"ReadAction\",\"target\":[\"https:\/\/colab.ufm.edu\/postulaciones\/\"]}]}]}<\/script>\n<!-- \/ Yoast SEO plugin. -->","_links":{"self":[{"href":"https:\/\/colab.ufm.edu\/postulaciones\/wp-json\/wp\/v2\/pages\/8","targetHints":{"allow":["GET"]}}],"collection":[{"href":"https:\/\/colab.ufm.edu\/postulaciones\/wp-json\/wp\/v2\/pages"}],"about":[{"href":"https:\/\/colab.ufm.edu\/postulaciones\/wp-json\/wp\/v2\/types\/page"}],"author":[{"embeddable":true,"href":"https:\/\/colab.ufm.edu\/postulaciones\/wp-json\/wp\/v2\/users\/1"}],"replies":[{"embeddable":true,"href":"https:\/\/colab.ufm.edu\/postulaciones\/wp-json\/wp\/v2\/comments?post=8"}],"version-history":[{"count":151,"href":"https:\/\/colab.ufm.edu\/postulaciones\/wp-json\/wp\/v2\/pages\/8\/revisions"}],"predecessor-version":[{"id":359,"href":"https:\/\/colab.ufm.edu\/postulaciones\/wp-json\/wp\/v2\/pages\/8\/revisions\/359"}],"wp:featuredmedia":[{"embeddable":true,"href":"https:\/\/colab.ufm.edu\/postulaciones\/wp-json\/wp\/v2\/media\/90"}],"wp:attachment":[{"href":"https:\/\/colab.ufm.edu\/postulaciones\/wp-json\/wp\/v2\/media?parent=8"}],"curies":[{"name":"wp","href":"https:\/\/api.w.org\/{rel}","templated":true}]}}